{"id":1086,"date":"2025-01-27T12:34:02","date_gmt":"2025-01-27T12:34:02","guid":{"rendered":"https:\/\/closer.lu\/?page_id=1086"},"modified":"2025-01-27T12:43:27","modified_gmt":"2025-01-27T12:43:27","slug":"ethik-kodex","status":"publish","type":"page","link":"https:\/\/closer.lu\/de\/ethik-kodex\/","title":{"rendered":"Ethik-Kodex"},"content":{"rendered":"[vc_row type=&#8220;in_container&#8220; full_screen_row_position=&#8220;middle&#8220; column_margin=&#8220;default&#8220; column_direction=&#8220;default&#8220; column_direction_tablet=&#8220;default&#8220; column_direction_phone=&#8220;default&#8220; scene_position=&#8220;center&#8220; top_padding=&#8220;2%&#8220; text_color=&#8220;dark&#8220; text_align=&#8220;left&#8220; row_border_radius=&#8220;none&#8220; row_border_radius_applies=&#8220;bg&#8220; overflow=&#8220;visible&#8220; overlay_strength=&#8220;0.3&#8243; gradient_direction=&#8220;left_to_right&#8220; shape_divider_position=&#8220;bottom&#8220; bg_image_animation=&#8220;none&#8220; shape_type=&#8220;&#8220;][vc_column column_padding=&#8220;no-extra-padding&#8220; column_padding_tablet=&#8220;inherit&#8220; column_padding_phone=&#8220;inherit&#8220; column_padding_position=&#8220;all&#8220; column_element_direction_desktop=&#8220;default&#8220; column_element_spacing=&#8220;default&#8220; desktop_text_alignment=&#8220;default&#8220; tablet_text_alignment=&#8220;default&#8220; phone_text_alignment=&#8220;default&#8220; background_color_opacity=&#8220;1&#8243; background_hover_color_opacity=&#8220;1&#8243; column_backdrop_filter=&#8220;none&#8220; column_shadow=&#8220;none&#8220; column_border_radius=&#8220;none&#8220; column_link_target=&#8220;_self&#8220; column_position=&#8220;default&#8220; gradient_direction=&#8220;left_to_right&#8220; overlay_strength=&#8220;0.3&#8243; width=&#8220;1\/1&#8243; tablet_width_inherit=&#8220;default&#8220; animation_type=&#8220;default&#8220; bg_image_animation=&#8220;none&#8220; border_type=&#8220;simple&#8220; column_border_width=&#8220;none&#8220; column_border_style=&#8220;solid&#8220;][nectar_btn size=&#8220;small&#8220; button_style=&#8220;regular&#8220; button_color_2=&#8220;Accent-Color&#8220; icon_family=&#8220;none&#8220; text=&#8220;Startseite&#8220; url=&#8220;\/de&#8220;][divider line_type=&#8220;No Line&#8220; custom_height=&#8220;50&#8243;][\/vc_column][\/vc_row][vc_row type=&#8220;in_container&#8220; full_screen_row_position=&#8220;middle&#8220; column_margin=&#8220;default&#8220; column_direction=&#8220;default&#8220; column_direction_tablet=&#8220;default&#8220; column_direction_phone=&#8220;default&#8220; scene_position=&#8220;center&#8220; text_color=&#8220;dark&#8220; text_align=&#8220;left&#8220; row_border_radius=&#8220;none&#8220; row_border_radius_applies=&#8220;bg&#8220; overflow=&#8220;visible&#8220; overlay_strength=&#8220;0.3&#8243; gradient_direction=&#8220;left_to_right&#8220; shape_divider_position=&#8220;bottom&#8220; bg_image_animation=&#8220;none&#8220;][vc_column column_padding=&#8220;no-extra-padding&#8220; column_padding_tablet=&#8220;inherit&#8220; column_padding_phone=&#8220;inherit&#8220; column_padding_position=&#8220;all&#8220; column_element_direction_desktop=&#8220;default&#8220; column_element_spacing=&#8220;default&#8220; desktop_text_alignment=&#8220;default&#8220; tablet_text_alignment=&#8220;default&#8220; phone_text_alignment=&#8220;default&#8220; background_color_opacity=&#8220;1&#8243; background_hover_color_opacity=&#8220;1&#8243; column_backdrop_filter=&#8220;none&#8220; column_shadow=&#8220;none&#8220; column_border_radius=&#8220;none&#8220; column_link_target=&#8220;_self&#8220; column_position=&#8220;default&#8220; gradient_direction=&#8220;left_to_right&#8220; overlay_strength=&#8220;0.3&#8243; width=&#8220;1\/1&#8243; tablet_width_inherit=&#8220;default&#8220; animation_type=&#8220;default&#8220; bg_image_animation=&#8220;none&#8220; border_type=&#8220;simple&#8220; column_border_width=&#8220;none&#8220; column_border_style=&#8220;solid&#8220;][vc_column_text css=&#8220;&#8220; text_direction=&#8220;default&#8220;]\n<p class=\"p1\"><span class=\"s1\"><b>CLOSER \u2013 ETHIKKODEX<\/b><\/span><\/p>\n<p class=\"p3\"><span class=\"s1\"><b>Einleitung<\/b><\/span><\/p>\n<p class=\"p3\">Der vorliegende Ethikkodex (nachfolgend auch &#8222;Ethikkodex&#8220; genannt) soll ein Regelwerk aufstellen, dessen Einhaltung zur Wahrung und F\u00f6rderung der Werte und Prinzipien beitragen soll, auf Basis deren CLOSER (nachfolgend auch noch &#8222;die App&#8220; genannt) gegr\u00fcndet wurde.<\/p>\n<p class=\"p3\">CLOSER ist eine digitale Plattform, die Jugendarbeit in Zeiten der Digitalisierung erm\u00f6glicht, indem sie unter anderem den sozialen Austausch zwischen ihren Nutzern, sowie die Organisation von privaten, \u00f6ffentlichen und virtuellen Veranstaltungen erm\u00f6glicht. Ziel ist es, einen vertrauensw\u00fcrdigen Raum zu schaffen, Nutzer miteinander in Kontakt zu bringen und mit Hilfe der von CLOSER zur Verf\u00fcgung gestellten Funktionen, Informationen und Anzeigen ein soziales Verst\u00e4ndnis zu schaffen.<\/p>\n<p class=\"p3\">Der Ethikkodex gilt sowohl f\u00fcr die Ersteller und Nutzer von CLOSER, als auch f\u00fcr alle anderen Personen, die in irgendeiner Form mit der App interagieren oder zur Umsetzung ihrer Funktionen beitragen.<\/p>\n<ul class=\"ul1\">\n<li class=\"li4\"><b><\/b><span class=\"s1\"><b>Die zu respektierenden ethischen Werte<\/b><\/span><\/li>\n<\/ul>\n<p class=\"p3\">Das Akzeptieren der allgemeinen Nutzungsbedingungen der App gilt als bedingungslose und vorbehaltlose Annahme aller folgenden Regeln:<\/p>\n<p class=\"p3\">&#8211; CLOSER muss im Geist des Vertrauens, des Respekts vor dem Anderen und der Solidarit\u00e4t genutzt werden ;<\/p>\n<p class=\"p3\">&#8211; jegliche diskriminierende Praxis aufgrund von Geschlecht, Rasse, Religion, ethnischer Herkunft, Alter, sexueller Orientierung, Behinderung oder anderer pers\u00f6nlicher Merkmale ist strengstens untersagt ;<\/p>\n<p class=\"p3\">&#8211; CLOSER ist ein Ort, an dem Gewalt, Rassismus, Fremdenfeindlichkeit, Intoleranz, Bel\u00e4stigung, Beleidigungen und\/oder Verleumdung nicht geduldet werden;<\/p>\n<ul class=\"ul1\">\n<li class=\"li4\">daher ist jede Ver\u00f6ffentlichung, \u00dcbertragung und\/oder Verbreitung von rassistischen, beleidigenden, diskriminierenden, diffamierenden, sexuellen und\/oder gewaltverherrlichenden Inhalten ausdr\u00fccklich untersagt;<\/li>\n<\/ul>\n<p class=\"p3\">&#8211; CLOSER wurde im Sinne der Nachhaltigkeit entwickelt, so dass bei der Nutzung, dem Hinzuf\u00fcgen neuer Funktionen und insbesondere bei der Speicherung von Daten die Begrenzung der Energieressourcen und damit der Schutz der Umwelt ein zentrales Element ist, das ber\u00fccksichtigt werden muss ;<\/p>\n<p class=\"p3\">&#8211; CLOSER ist eine werbefreie App, die die pers\u00f6nlichen Daten ihrer Nutzer nicht vermarktet, und deren Basisversion den Benutzern kostenlos zur Verf\u00fcgung steht &#8211; jegliche finanziellen Interessen im Zusammenhang mit dem Betrieb der App stehen daher im Widerspruch zum Wesen der App und sind ausdr\u00fccklich untersagt;<\/p>\n<p class=\"p3\">&#8211; Der Schutz der pers\u00f6nlichen Daten der Nutzer von CLOSER hat h\u00f6chste Priorit\u00e4t und erfolgt in \u00dcbereinstimmung mit den geltenden Vorschriften.<\/p>\n<ul class=\"ul1\">\n<li class=\"li4\"><b><\/b><span class=\"s1\"><b>Pr\u00fcfungspflicht<\/b><\/span><\/li>\n<\/ul>\n<p class=\"p3\">Die Ersteller der App und ihre Nutzer sorgen gemeinsam daf\u00fcr, dass der gesamte Inhalt der App voll und ganz mit den im Ethikkodex festgehaltenen Werten \u00fcbereinstimmt.<\/p>\n<ul class=\"ul1\">\n<li class=\"li4\"><b><\/b><span class=\"s1\"><b>Abweichungen und Aktualisierung des Ethikkodexes<\/b><\/span><\/li>\n<\/ul>\n<p class=\"p3\">Der Ethikkodex unterliegt einer st\u00e4ndigen \u00dcberwachung und kann regelm\u00e4\u00dfig \u00fcberarbeitet werden, um sicherzustellen, dass er den aktuellen Bedingungen und Funktionen der App entspricht.<\/p>\n<p class=\"p3\">Abweichungen von den Regeln des Ethikkodex oder \u00c4nderungen des Inhalts des Ethikkodex sind ohne die Zustimmung der Entwickler von CLOSER nicht m\u00f6glich.<\/p>\n[\/vc_column_text][\/vc_column][\/vc_row]\n","protected":false},"excerpt":{"rendered":"<p>[vc_row type=&#8220;in_container&#8220; full_screen_row_position=&#8220;middle&#8220; column_margin=&#8220;default&#8220; column_direction=&#8220;default&#8220; column_direction_tablet=&#8220;default&#8220; column_direction_phone=&#8220;default&#8220; scene_position=&#8220;center&#8220; top_padding=&#8220;2%&#8220; text_color=&#8220;dark&#8220; text_align=&#8220;left&#8220; row_border_radius=&#8220;none&#8220; row_border_radius_applies=&#8220;bg&#8220; overflow=&#8220;visible&#8220; overlay_strength=&#8220;0.3&#8243; gradient_direction=&#8220;left_to_right&#8220; shape_divider_position=&#8220;bottom&#8220; bg_image_animation=&#8220;none&#8220; shape_type=&#8220;&#8220;][vc_column column_padding=&#8220;no-extra-padding&#8220; column_padding_tablet=&#8220;inherit&#8220; column_padding_phone=&#8220;inherit&#8220; column_padding_position=&#8220;all&#8220; column_element_direction_desktop=&#8220;default&#8220; column_element_spacing=&#8220;default&#8220; desktop_text_alignment=&#8220;default&#8220; tablet_text_alignment=&#8220;default&#8220; phone_text_alignment=&#8220;default&#8220; background_color_opacity=&#8220;1&#8243; background_hover_color_opacity=&#8220;1&#8243;&#8230;<\/p>\n","protected":false},"author":1,"featured_media":0,"parent":0,"menu_order":0,"comment_status":"closed","ping_status":"closed","template":"","meta":{"_acf_changed":false,"inline_featured_image":false,"footnotes":""},"class_list":["post-1086","page","type-page","status-publish"],"acf":[],"_links":{"self":[{"href":"https:\/\/closer.lu\/de\/wp-json\/wp\/v2\/pages\/1086","targetHints":{"allow":["GET"]}}],"collection":[{"href":"https:\/\/closer.lu\/de\/wp-json\/wp\/v2\/pages"}],"about":[{"href":"https:\/\/closer.lu\/de\/wp-json\/wp\/v2\/types\/page"}],"author":[{"embeddable":true,"href":"https:\/\/closer.lu\/de\/wp-json\/wp\/v2\/users\/1"}],"replies":[{"embeddable":true,"href":"https:\/\/closer.lu\/de\/wp-json\/wp\/v2\/comments?post=1086"}],"version-history":[{"count":3,"href":"https:\/\/closer.lu\/de\/wp-json\/wp\/v2\/pages\/1086\/revisions"}],"predecessor-version":[{"id":1095,"href":"https:\/\/closer.lu\/de\/wp-json\/wp\/v2\/pages\/1086\/revisions\/1095"}],"wp:attachment":[{"href":"https:\/\/closer.lu\/de\/wp-json\/wp\/v2\/media?parent=1086"}],"curies":[{"name":"wp","href":"https:\/\/api.w.org\/{rel}","templated":true}]}}