{"id":1102,"date":"2025-01-27T12:54:58","date_gmt":"2025-01-27T12:54:58","guid":{"rendered":"https:\/\/closer.lu\/?page_id=1102"},"modified":"2025-01-27T12:57:56","modified_gmt":"2025-01-27T12:57:56","slug":"code-dethique","status":"publish","type":"page","link":"https:\/\/closer.lu\/fr\/code-dethique\/","title":{"rendered":"Code d&rsquo;\u00e9thique"},"content":{"rendered":"[vc_row type=\u00a0\u00bbin_container\u00a0\u00bb full_screen_row_position=\u00a0\u00bbmiddle\u00a0\u00bb column_margin=\u00a0\u00bbdefault\u00a0\u00bb column_direction=\u00a0\u00bbdefault\u00a0\u00bb column_direction_tablet=\u00a0\u00bbdefault\u00a0\u00bb column_direction_phone=\u00a0\u00bbdefault\u00a0\u00bb scene_position=\u00a0\u00bbcenter\u00a0\u00bb top_padding=\u00a0\u00bb2%\u00a0\u00bb text_color=\u00a0\u00bbdark\u00a0\u00bb text_align=\u00a0\u00bbleft\u00a0\u00bb row_border_radius=\u00a0\u00bbnone\u00a0\u00bb row_border_radius_applies=\u00a0\u00bbbg\u00a0\u00bb overflow=\u00a0\u00bbvisible\u00a0\u00bb overlay_strength=\u00a0\u00bb0.3&Prime; gradient_direction=\u00a0\u00bbleft_to_right\u00a0\u00bb shape_divider_position=\u00a0\u00bbbottom\u00a0\u00bb bg_image_animation=\u00a0\u00bbnone\u00a0\u00bb shape_type=\u00a0\u00bb\u00a0\u00bb][vc_column column_padding=\u00a0\u00bbno-extra-padding\u00a0\u00bb column_padding_tablet=\u00a0\u00bbinherit\u00a0\u00bb column_padding_phone=\u00a0\u00bbinherit\u00a0\u00bb column_padding_position=\u00a0\u00bball\u00a0\u00bb column_element_direction_desktop=\u00a0\u00bbdefault\u00a0\u00bb column_element_spacing=\u00a0\u00bbdefault\u00a0\u00bb desktop_text_alignment=\u00a0\u00bbdefault\u00a0\u00bb tablet_text_alignment=\u00a0\u00bbdefault\u00a0\u00bb phone_text_alignment=\u00a0\u00bbdefault\u00a0\u00bb background_color_opacity=\u00a0\u00bb1&Prime; background_hover_color_opacity=\u00a0\u00bb1&Prime; column_backdrop_filter=\u00a0\u00bbnone\u00a0\u00bb column_shadow=\u00a0\u00bbnone\u00a0\u00bb column_border_radius=\u00a0\u00bbnone\u00a0\u00bb column_link_target=\u00a0\u00bb_self\u00a0\u00bb column_position=\u00a0\u00bbdefault\u00a0\u00bb gradient_direction=\u00a0\u00bbleft_to_right\u00a0\u00bb overlay_strength=\u00a0\u00bb0.3&Prime; width=\u00a0\u00bb1\/1&Prime; tablet_width_inherit=\u00a0\u00bbdefault\u00a0\u00bb animation_type=\u00a0\u00bbdefault\u00a0\u00bb bg_image_animation=\u00a0\u00bbnone\u00a0\u00bb border_type=\u00a0\u00bbsimple\u00a0\u00bb column_border_width=\u00a0\u00bbnone\u00a0\u00bb column_border_style=\u00a0\u00bbsolid\u00a0\u00bb][nectar_btn size=\u00a0\u00bbsmall\u00a0\u00bb button_style=\u00a0\u00bbregular\u00a0\u00bb button_color_2=\u00a0\u00bbAccent-Color\u00a0\u00bb icon_family=\u00a0\u00bbnone\u00a0\u00bb text=\u00a0\u00bbAccueil\u00a0\u00bb url=\u00a0\u00bb\/fr\u00a0\u00bb][divider line_type=\u00a0\u00bbNo Line\u00a0\u00bb custom_height=\u00a0\u00bb50&Prime;][\/vc_column][\/vc_row][vc_row type=\u00a0\u00bbin_container\u00a0\u00bb full_screen_row_position=\u00a0\u00bbmiddle\u00a0\u00bb column_margin=\u00a0\u00bbdefault\u00a0\u00bb column_direction=\u00a0\u00bbdefault\u00a0\u00bb column_direction_tablet=\u00a0\u00bbdefault\u00a0\u00bb column_direction_phone=\u00a0\u00bbdefault\u00a0\u00bb scene_position=\u00a0\u00bbcenter\u00a0\u00bb text_color=\u00a0\u00bbdark\u00a0\u00bb text_align=\u00a0\u00bbleft\u00a0\u00bb row_border_radius=\u00a0\u00bbnone\u00a0\u00bb row_border_radius_applies=\u00a0\u00bbbg\u00a0\u00bb overflow=\u00a0\u00bbvisible\u00a0\u00bb overlay_strength=\u00a0\u00bb0.3&Prime; gradient_direction=\u00a0\u00bbleft_to_right\u00a0\u00bb shape_divider_position=\u00a0\u00bbbottom\u00a0\u00bb bg_image_animation=\u00a0\u00bbnone\u00a0\u00bb][vc_column column_padding=\u00a0\u00bbno-extra-padding\u00a0\u00bb column_padding_tablet=\u00a0\u00bbinherit\u00a0\u00bb column_padding_phone=\u00a0\u00bbinherit\u00a0\u00bb column_padding_position=\u00a0\u00bball\u00a0\u00bb column_element_direction_desktop=\u00a0\u00bbdefault\u00a0\u00bb column_element_spacing=\u00a0\u00bbdefault\u00a0\u00bb desktop_text_alignment=\u00a0\u00bbdefault\u00a0\u00bb tablet_text_alignment=\u00a0\u00bbdefault\u00a0\u00bb phone_text_alignment=\u00a0\u00bbdefault\u00a0\u00bb background_color_opacity=\u00a0\u00bb1&Prime; background_hover_color_opacity=\u00a0\u00bb1&Prime; column_backdrop_filter=\u00a0\u00bbnone\u00a0\u00bb column_shadow=\u00a0\u00bbnone\u00a0\u00bb column_border_radius=\u00a0\u00bbnone\u00a0\u00bb column_link_target=\u00a0\u00bb_self\u00a0\u00bb column_position=\u00a0\u00bbdefault\u00a0\u00bb gradient_direction=\u00a0\u00bbleft_to_right\u00a0\u00bb overlay_strength=\u00a0\u00bb0.3&Prime; width=\u00a0\u00bb1\/1&Prime; tablet_width_inherit=\u00a0\u00bbdefault\u00a0\u00bb animation_type=\u00a0\u00bbdefault\u00a0\u00bb bg_image_animation=\u00a0\u00bbnone\u00a0\u00bb border_type=\u00a0\u00bbsimple\u00a0\u00bb column_border_width=\u00a0\u00bbnone\u00a0\u00bb column_border_style=\u00a0\u00bbsolid\u00a0\u00bb][vc_column_text css=\u00a0\u00bb\u00a0\u00bb text_direction=\u00a0\u00bbdefault\u00a0\u00bb]\n<h2 class=\"p1\"><span class=\"s1\">CLOSER &#8211; CODE D&rsquo;\u00c9THIQUE<\/span><\/h2>\n<p class=\"p3\"><span class=\"s1\"><b>Introduction<\/b><\/span><\/p>\n<p class=\"p3\">Le pr\u00e9sent code d&rsquo;\u00e9thique (ci-apr\u00e8s \u00e9galement appel\u00e9 \u00ab\u00a0code d&rsquo;\u00e9thique\u00a0\u00bb) a pour but d&rsquo;\u00e9tablir un ensemble de r\u00e8gles dont le respect doit contribuer au maintien et \u00e0 la promotion des valeurs et des principes sur la base desquels CLOSER (ci-apr\u00e8s \u00e9galement appel\u00e9e \u00ab\u00a0l&rsquo;application\u00a0\u00bb) a \u00e9t\u00e9 cr\u00e9\u00e9e.<\/p>\n<p class=\"p3\">CLOSER est une plateforme num\u00e9rique qui rend possible le travail des jeunes \u00e0 l&rsquo;\u00e8re de la num\u00e9risation, en permettant entre autres l&rsquo;\u00e9change social entre ses utilisateurs, ainsi que l&rsquo;organisation d&rsquo;\u00e9v\u00e9nements priv\u00e9s, publics et virtuels. L&rsquo;objectif est de cr\u00e9er un espace de confiance, de mettre les utilisateurs en contact les uns avec les autres et de cr\u00e9er une compr\u00e9hension sociale \u00e0 l&rsquo;aide des fonctions, informations et annonces mises \u00e0 disposition par CLOSER.<\/p>\n<p class=\"p3\">Le code d&rsquo;\u00e9thique s&rsquo;applique aussi bien aux cr\u00e9ateurs et aux utilisateurs de CLOSER qu&rsquo;\u00e0 toutes les autres personnes qui interagissent d&rsquo;une mani\u00e8re ou d&rsquo;une autre avec l&rsquo;application ou qui contribuent \u00e0 la mise en \u0153uvre de ses fonctions.<\/p>\n<ul class=\"ul1\">\n<li class=\"li4\"><b><\/b><span class=\"s1\"><b>Les valeurs \u00e9thiques \u00e0 respecter<\/b><\/span><\/li>\n<\/ul>\n<p class=\"p3\">L&rsquo;acceptation des conditions g\u00e9n\u00e9rales d&rsquo;utilisation de l&rsquo;application vaut acceptation inconditionnelle et sans r\u00e9serve de toutes les r\u00e8gles suivantes :<\/p>\n<p class=\"p3\">&#8211; CLOSER doit \u00eatre utilis\u00e9 dans un esprit de confiance, de respect de l&rsquo;autre et de solidarit\u00e9 ;<\/p>\n<p class=\"p3\">&#8211; toute pratique discriminatoire fond\u00e9e sur le sexe, la race, la religion, l&rsquo;origine ethnique, l&rsquo;\u00e2ge, l&rsquo;orientation sexuelle, le handicap ou toute autre caract\u00e9ristique personnelle est strictement interdite ;<\/p>\n<p class=\"p3\">&#8211; CLOSER est un lieu o\u00f9 la violence, le racisme, la x\u00e9nophobie, l&rsquo;intol\u00e9rance, le harc\u00e8lement, les insultes et\/ou la diffamation ne sont pas tol\u00e9r\u00e9s ;<\/p>\n<ul class=\"ul1\">\n<li class=\"li4\">par cons\u00e9quent, toute publication, transmission et\/ou diffusion de contenus racistes, injurieux, discriminatoires, diffamatoires, \u00e0 caract\u00e8re sexuel et\/ou faisant l&rsquo;apologie de la violence est express\u00e9ment interdite ;<\/li>\n<\/ul>\n<p class=\"p3\">&#8211; CLOSER a \u00e9t\u00e9 d\u00e9velopp\u00e9 dans un esprit de durabilit\u00e9, de sorte que la limitation des ressources \u00e9nerg\u00e9tiques et donc la protection de l&rsquo;environnement est un \u00e9l\u00e9ment central \u00e0 prendre en compte lors de l&rsquo;utilisation, de l&rsquo;ajout de nouvelles fonctionnalit\u00e9s et surtout du stockage des donn\u00e9es ;<\/p>\n<p class=\"p3\">&#8211; CLOSER est une application sans publicit\u00e9 qui ne commercialise pas les donn\u00e9es personnelles de ses utilisateurs et dont la version de base est mise gratuitement \u00e0 la disposition des utilisateurs &#8211; tout int\u00e9r\u00eat financier li\u00e9 \u00e0 l&rsquo;exploitation de l&rsquo;application est donc contraire \u00e0 la nature de l&rsquo;application et est express\u00e9ment interdit ;<\/p>\n<p class=\"p3\">&#8211; La protection des donn\u00e9es personnelles des utilisateurs de CLOSER est une priorit\u00e9 absolue et s&rsquo;effectue conform\u00e9ment \u00e0 la r\u00e9glementation en vigueur.<\/p>\n<ul class=\"ul1\">\n<li class=\"li4\"><b><\/b><span class=\"s1\"><b>Obligation d&rsquo;examen<\/b><\/span><\/li>\n<\/ul>\n<p class=\"p3\">Les cr\u00e9ateurs de l&rsquo;application et ses utilisateurs veillent ensemble \u00e0 ce que l&rsquo;ensemble du contenu de l&rsquo;application soit pleinement conforme aux valeurs \u00e9nonc\u00e9es dans le code d&rsquo;\u00e9thique.<\/p>\n<ul class=\"ul1\">\n<li class=\"li4\"><b><\/b><span class=\"s1\"><b>D\u00e9rogations et mise \u00e0 jour du code d&rsquo;\u00e9thique<\/b><\/span><\/li>\n<\/ul>\n<p class=\"p3\">Le code d&rsquo;\u00e9thique fait l&rsquo;objet d&rsquo;un suivi permanent et peut \u00eatre r\u00e9vis\u00e9 r\u00e9guli\u00e8rement afin de s&rsquo;assurer qu&rsquo;il correspond aux conditions et aux fonctionnalit\u00e9s actuelles de l&rsquo;application.<\/p>\n<p class=\"p3\">Il n&rsquo;est pas possible de d\u00e9roger aux r\u00e8gles du code d&rsquo;\u00e9thique ou de modifier le contenu du code d&rsquo;\u00e9thique sans l&rsquo;accord des d\u00e9veloppeurs de CLOSER.<\/p>\n[\/vc_column_text][\/vc_column][\/vc_row]\n","protected":false},"excerpt":{"rendered":"<p>[vc_row type=\u00a0\u00bbin_container\u00a0\u00bb full_screen_row_position=\u00a0\u00bbmiddle\u00a0\u00bb column_margin=\u00a0\u00bbdefault\u00a0\u00bb column_direction=\u00a0\u00bbdefault\u00a0\u00bb column_direction_tablet=\u00a0\u00bbdefault\u00a0\u00bb column_direction_phone=\u00a0\u00bbdefault\u00a0\u00bb scene_position=\u00a0\u00bbcenter\u00a0\u00bb top_padding=\u00a0\u00bb2%\u00a0\u00bb text_color=\u00a0\u00bbdark\u00a0\u00bb text_align=\u00a0\u00bbleft\u00a0\u00bb row_border_radius=\u00a0\u00bbnone\u00a0\u00bb row_border_radius_applies=\u00a0\u00bbbg\u00a0\u00bb overflow=\u00a0\u00bbvisible\u00a0\u00bb overlay_strength=\u00a0\u00bb0.3&Prime; gradient_direction=\u00a0\u00bbleft_to_right\u00a0\u00bb shape_divider_position=\u00a0\u00bbbottom\u00a0\u00bb bg_image_animation=\u00a0\u00bbnone\u00a0\u00bb shape_type=\u00a0\u00bb\u00a0\u00bb][vc_column column_padding=\u00a0\u00bbno-extra-padding\u00a0\u00bb column_padding_tablet=\u00a0\u00bbinherit\u00a0\u00bb column_padding_phone=\u00a0\u00bbinherit\u00a0\u00bb column_padding_position=\u00a0\u00bball\u00a0\u00bb column_element_direction_desktop=\u00a0\u00bbdefault\u00a0\u00bb column_element_spacing=\u00a0\u00bbdefault\u00a0\u00bb desktop_text_alignment=\u00a0\u00bbdefault\u00a0\u00bb tablet_text_alignment=\u00a0\u00bbdefault\u00a0\u00bb phone_text_alignment=\u00a0\u00bbdefault\u00a0\u00bb background_color_opacity=\u00a0\u00bb1&Prime; background_hover_color_opacity=\u00a0\u00bb1&Prime;&#8230;<\/p>\n","protected":false},"author":1,"featured_media":0,"parent":0,"menu_order":0,"comment_status":"closed","ping_status":"closed","template":"","meta":{"_acf_changed":false,"inline_featured_image":false,"footnotes":""},"class_list":["post-1102","page","type-page","status-publish"],"acf":[],"_links":{"self":[{"href":"https:\/\/closer.lu\/fr\/wp-json\/wp\/v2\/pages\/1102","targetHints":{"allow":["GET"]}}],"collection":[{"href":"https:\/\/closer.lu\/fr\/wp-json\/wp\/v2\/pages"}],"about":[{"href":"https:\/\/closer.lu\/fr\/wp-json\/wp\/v2\/types\/page"}],"author":[{"embeddable":true,"href":"https:\/\/closer.lu\/fr\/wp-json\/wp\/v2\/users\/1"}],"replies":[{"embeddable":true,"href":"https:\/\/closer.lu\/fr\/wp-json\/wp\/v2\/comments?post=1102"}],"version-history":[{"count":2,"href":"https:\/\/closer.lu\/fr\/wp-json\/wp\/v2\/pages\/1102\/revisions"}],"predecessor-version":[{"id":1106,"href":"https:\/\/closer.lu\/fr\/wp-json\/wp\/v2\/pages\/1102\/revisions\/1106"}],"wp:attachment":[{"href":"https:\/\/closer.lu\/fr\/wp-json\/wp\/v2\/media?parent=1102"}],"curies":[{"name":"wp","href":"https:\/\/api.w.org\/{rel}","templated":true}]}}